{"id":29,"date":"2021-05-27T15:43:11","date_gmt":"2021-05-27T13:43:11","guid":{"rendered":"https:\/\/www.champagne-billiard.fr\/shop\/?post_type=product&#038;p=29"},"modified":"2021-12-17T11:19:02","modified_gmt":"2021-12-17T10:19:02","slug":"pierre-alfred","status":"publish","type":"product","link":"https:\/\/www.champagne-billiard.fr\/shop\/produit\/pierre-alfred\/","title":{"rendered":"Pierre-Alfred"},"content":{"rendered":"<p>Champagnis\u00e9e en bouteille sp\u00e9ciale et habill\u00e9e de fa\u00e7on originale, cette cuv\u00e9e fruit d\u2019un assemblage de trois champagnes de r\u00e9serve, vinifi\u00e9e et ficel\u00e9e \u00e0 l\u2019ancienne est un don de la nature que vous aimerez partager avec vos proches\u2026 La coupe du fil de chanvre, comme le faisait nos anc\u00eatres, est toujours un moment unique et convivial, m\u00eame si il faut un peu de dext\u00e9rit\u00e9 pour ne pas faire sauter le bouchon.<\/p>\n<p>Vendu \u00e0 l&rsquo;unit\u00e9.<\/p>\n","protected":false},"excerpt":{"rendered":"<p>Champagnis\u00e9e en bouteille sp\u00e9ciale et habill\u00e9e de fa\u00e7on originale, cette cuv\u00e9e fruit d\u2019un assemblage de trois champagnes de r\u00e9serve, vinifi\u00e9e et ficel\u00e9e \u00e0 l\u2019ancienne est un don de la nature que vous aimerez partager avec vos proches\u2026 La coupe du fil de chanvre, comme le faisait nos anc\u00eatres, est toujours un moment unique et convivial,&hellip; <a class=\"more-link\" href=\"https:\/\/www.champagne-billiard.fr\/shop\/produit\/pierre-alfred\/\">Poursuivre la lecture <span class=\"screen-reader-text\">Pierre-Alfred<\/span><\/a><\/p>\n","protected":false},"featured_media":72,"template":"","meta":[],"product_cat":[17],"product_tag":[],"class_list":["post-29","product","type-product","status-publish","has-post-thumbnail","hentry","product_cat-gamme-premium","entry"],"acf":[],"_links":{"self":[{"href":"https:\/\/www.champagne-billiard.fr\/shop\/wp-json\/wp\/v2\/product\/29","targetHints":{"allow":["GET"]}}],"collection":[{"href":"https:\/\/www.champagne-billiard.fr\/shop\/wp-json\/wp\/v2\/product"}],"about":[{"href":"https:\/\/www.champagne-billiard.fr\/shop\/wp-json\/wp\/v2\/types\/product"}],"wp:featuredmedia":[{"embeddable":true,"href":"https:\/\/www.champagne-billiard.fr\/shop\/wp-json\/wp\/v2\/media\/72"}],"wp:attachment":[{"href":"https:\/\/www.champagne-billiard.fr\/shop\/wp-json\/wp\/v2\/media?parent=29"}],"wp:term":[{"taxonomy":"product_cat","embeddable":true,"href":"https:\/\/www.champagne-billiard.fr\/shop\/wp-json\/wp\/v2\/product_cat?post=29"},{"taxonomy":"product_tag","embeddable":true,"href":"https:\/\/www.champagne-billiard.fr\/shop\/wp-json\/wp\/v2\/product_tag?post=29"}],"curies":[{"name":"wp","href":"https:\/\/api.w.org\/{rel}","templated":true}]}}