{"id":25,"date":"2021-05-20T17:22:32","date_gmt":"2021-05-20T15:22:32","guid":{"rendered":"https:\/\/www.champagne-billiard.fr\/shop\/?post_type=product&#038;p=25"},"modified":"2023-03-27T09:16:38","modified_gmt":"2023-03-27T07:16:38","slug":"le-gaulois","status":"publish","type":"product","link":"https:\/\/www.champagne-billiard.fr\/shop\/produit\/le-gaulois\/","title":{"rendered":"Le Gaulois"},"content":{"rendered":"<p>Fleuron de la Maison, la cuv\u00e9e LE GAULOIS fait r\u00e9f\u00e9rence \u00e0 l\u2019histoire et \u00e0 l\u2019h\u00e9ritage transmis de g\u00e9n\u00e9ration en g\u00e9n\u00e9ration. Pinot Noir (60 %) et Chardonnay (40 %). Un quart des vins entrant dans cet assemblage b\u00e9n\u00e9ficie d\u2019une vinification et d\u2019un vieillissement en f\u00fbt de ch\u00eane. Un vin de plaisirs, \u00e0 la finale \u00e9toff\u00e9e et agr\u00e9ablement vineuse. Pour d\u00eener romantique.<\/p>\n<p>Vendu par carton de 6 bouteilles.<\/p>\n","protected":false},"excerpt":{"rendered":"<p>Fleuron de la Maison, la cuv\u00e9e LE GAULOIS fait r\u00e9f\u00e9rence \u00e0 l\u2019histoire et \u00e0 l\u2019h\u00e9ritage transmis de g\u00e9n\u00e9ration en g\u00e9n\u00e9ration. Pinot Noir (60 %) et Chardonnay (40 %). Un quart des vins entrant dans cet assemblage b\u00e9n\u00e9ficie d\u2019une vinification et d\u2019un vieillissement en f\u00fbt de ch\u00eane. Un vin de plaisirs, \u00e0 la finale \u00e9toff\u00e9e et&hellip; <a class=\"more-link\" href=\"https:\/\/www.champagne-billiard.fr\/shop\/produit\/le-gaulois\/\">Poursuivre la lecture <span class=\"screen-reader-text\">Le Gaulois<\/span><\/a><\/p>\n","protected":false},"featured_media":20,"template":"","meta":[],"product_cat":[16],"product_tag":[],"class_list":["post-25","product","type-product","status-publish","has-post-thumbnail","hentry","product_cat-gamme-classique","entry"],"acf":[],"_links":{"self":[{"href":"https:\/\/www.champagne-billiard.fr\/shop\/wp-json\/wp\/v2\/product\/25","targetHints":{"allow":["GET"]}}],"collection":[{"href":"https:\/\/www.champagne-billiard.fr\/shop\/wp-json\/wp\/v2\/product"}],"about":[{"href":"https:\/\/www.champagne-billiard.fr\/shop\/wp-json\/wp\/v2\/types\/product"}],"wp:featuredmedia":[{"embeddable":true,"href":"https:\/\/www.champagne-billiard.fr\/shop\/wp-json\/wp\/v2\/media\/20"}],"wp:attachment":[{"href":"https:\/\/www.champagne-billiard.fr\/shop\/wp-json\/wp\/v2\/media?parent=25"}],"wp:term":[{"taxonomy":"product_cat","embeddable":true,"href":"https:\/\/www.champagne-billiard.fr\/shop\/wp-json\/wp\/v2\/product_cat?post=25"},{"taxonomy":"product_tag","embeddable":true,"href":"https:\/\/www.champagne-billiard.fr\/shop\/wp-json\/wp\/v2\/product_tag?post=25"}],"curies":[{"name":"wp","href":"https:\/\/api.w.org\/{rel}","templated":true}]}}