{"id":24,"date":"2021-05-20T17:22:02","date_gmt":"2021-05-20T15:22:02","guid":{"rendered":"https:\/\/www.champagne-billiard.fr\/shop\/?post_type=product&#038;p=24"},"modified":"2023-03-27T09:16:16","modified_gmt":"2023-03-27T07:16:16","slug":"elisa","status":"publish","type":"product","link":"https:\/\/www.champagne-billiard.fr\/shop\/produit\/elisa\/","title":{"rendered":"\u00c9lisa"},"content":{"rendered":"<p>L\u2019exceptionnelle Fiert\u00e9 de la gamme car vinifi\u00e9e en \u00ab v\u00e9ritable \u00bb ros\u00e9 de saign\u00e9e. Une gourmandise fruit\u00e9e et \u00e9quilibr\u00e9e. \u00c9labor\u00e9e \u00e0 partir des raisins 100 % Pinot Noir issus de nos vignes situ\u00e9es sur le terroir Grand Cru d\u2019Ambonnay. Elle trouve tout naturellement sa place \u00e0 l\u2019ap\u00e9ritif ou pour accompagner un dessert.<\/p>\n<p>Vendu par carton de 6 bouteilles.<\/p>\n","protected":false},"excerpt":{"rendered":"<p>L\u2019exceptionnelle Fiert\u00e9 de la gamme car vinifi\u00e9e en \u00ab v\u00e9ritable \u00bb ros\u00e9 de saign\u00e9e. Une gourmandise fruit\u00e9e et \u00e9quilibr\u00e9e. \u00c9labor\u00e9e \u00e0 partir des raisins 100 % Pinot Noir issus de nos vignes situ\u00e9es sur le terroir Grand Cru d\u2019Ambonnay. Elle trouve tout naturellement sa place \u00e0 l\u2019ap\u00e9ritif ou pour accompagner un dessert. Vendu par carton&hellip; <a class=\"more-link\" href=\"https:\/\/www.champagne-billiard.fr\/shop\/produit\/elisa\/\">Poursuivre la lecture <span class=\"screen-reader-text\">\u00c9lisa<\/span><\/a><\/p>\n","protected":false},"featured_media":70,"template":"","meta":[],"product_cat":[16],"product_tag":[],"class_list":["post-24","product","type-product","status-publish","has-post-thumbnail","hentry","product_cat-gamme-classique","entry"],"acf":[],"_links":{"self":[{"href":"https:\/\/www.champagne-billiard.fr\/shop\/wp-json\/wp\/v2\/product\/24","targetHints":{"allow":["GET"]}}],"collection":[{"href":"https:\/\/www.champagne-billiard.fr\/shop\/wp-json\/wp\/v2\/product"}],"about":[{"href":"https:\/\/www.champagne-billiard.fr\/shop\/wp-json\/wp\/v2\/types\/product"}],"wp:featuredmedia":[{"embeddable":true,"href":"https:\/\/www.champagne-billiard.fr\/shop\/wp-json\/wp\/v2\/media\/70"}],"wp:attachment":[{"href":"https:\/\/www.champagne-billiard.fr\/shop\/wp-json\/wp\/v2\/media?parent=24"}],"wp:term":[{"taxonomy":"product_cat","embeddable":true,"href":"https:\/\/www.champagne-billiard.fr\/shop\/wp-json\/wp\/v2\/product_cat?post=24"},{"taxonomy":"product_tag","embeddable":true,"href":"https:\/\/www.champagne-billiard.fr\/shop\/wp-json\/wp\/v2\/product_tag?post=24"}],"curies":[{"name":"wp","href":"https:\/\/api.w.org\/{rel}","templated":true}]}}