{"id":23,"date":"2021-05-20T17:21:17","date_gmt":"2021-05-20T15:21:17","guid":{"rendered":"https:\/\/www.champagne-billiard.fr\/shop\/?post_type=product&#038;p=23"},"modified":"2023-03-27T09:15:34","modified_gmt":"2023-03-27T07:15:34","slug":"privilege-demi-sec","status":"publish","type":"product","link":"https:\/\/www.champagne-billiard.fr\/shop\/produit\/privilege-demi-sec\/","title":{"rendered":"Privil\u00e8ge Demi-Sec"},"content":{"rendered":"<p>Impertinente Cuv\u00e9e de la Maison, elle joue la carte de la s\u00e9duction sur de subtiles notes sucr\u00e9es. \u00c9labor\u00e9e \u00e0 partir de Pinot Noir (80 %) et de Chardonnay (20 %) exclusivement issus de notre terroir Premier Cru. Elle doit \u00e0 l\u2019adjonction d\u2019une liqueur plus dos\u00e9e en sucre son titre de demi-sec.<\/p>\n<p>Vendu par carton de 6 bouteilles.<\/p>\n","protected":false},"excerpt":{"rendered":"<p>Impertinente Cuv\u00e9e de la Maison, elle joue la carte de la s\u00e9duction sur de subtiles notes sucr\u00e9es. \u00c9labor\u00e9e \u00e0 partir de Pinot Noir (80 %) et de Chardonnay (20 %) exclusivement issus de notre terroir Premier Cru. Elle doit \u00e0 l\u2019adjonction d\u2019une liqueur plus dos\u00e9e en sucre son titre de demi-sec. Vendu par carton de&hellip; <a class=\"more-link\" href=\"https:\/\/www.champagne-billiard.fr\/shop\/produit\/privilege-demi-sec\/\">Poursuivre la lecture <span class=\"screen-reader-text\">Privil\u00e8ge Demi-Sec<\/span><\/a><\/p>\n","protected":false},"featured_media":22,"template":"","meta":[],"product_cat":[16],"product_tag":[],"class_list":["post-23","product","type-product","status-publish","has-post-thumbnail","hentry","product_cat-gamme-classique","entry"],"acf":[],"_links":{"self":[{"href":"https:\/\/www.champagne-billiard.fr\/shop\/wp-json\/wp\/v2\/product\/23","targetHints":{"allow":["GET"]}}],"collection":[{"href":"https:\/\/www.champagne-billiard.fr\/shop\/wp-json\/wp\/v2\/product"}],"about":[{"href":"https:\/\/www.champagne-billiard.fr\/shop\/wp-json\/wp\/v2\/types\/product"}],"wp:featuredmedia":[{"embeddable":true,"href":"https:\/\/www.champagne-billiard.fr\/shop\/wp-json\/wp\/v2\/media\/22"}],"wp:attachment":[{"href":"https:\/\/www.champagne-billiard.fr\/shop\/wp-json\/wp\/v2\/media?parent=23"}],"wp:term":[{"taxonomy":"product_cat","embeddable":true,"href":"https:\/\/www.champagne-billiard.fr\/shop\/wp-json\/wp\/v2\/product_cat?post=23"},{"taxonomy":"product_tag","embeddable":true,"href":"https:\/\/www.champagne-billiard.fr\/shop\/wp-json\/wp\/v2\/product_tag?post=23"}],"curies":[{"name":"wp","href":"https:\/\/api.w.org\/{rel}","templated":true}]}}