{"id":131,"date":"2021-05-20T17:21:17","date_gmt":"2021-05-20T15:21:17","guid":{"rendered":"https:\/\/www.champagne-billiard.fr\/shop\/produit\/privilege-demi-sec\/"},"modified":"2021-05-20T17:21:17","modified_gmt":"2021-05-20T15:21:17","slug":"privilege-demi-sec-2","status":"publish","type":"product","link":"https:\/\/www.champagne-billiard.fr\/shop\/es\/produit\/privilege-demi-sec-2\/","title":{"rendered":"Privil\u00e8ge Demi-Sec"},"content":{"rendered":"<p>Atrevido vino base de la Maison. El semiseco PRIVIL\u00c8GE invita a atreverse con los acordes m\u00e1s imprevistos El semiseco PRIVIL\u00c8GE se elabora con Pinot Noir (80 %) y Chardonnay (20 %) proce- dentes de manera exclusiva de nuestro pago Premier Cru. Debe su nombre de semiseco a la adici\u00f3n de un licor con mayor concentraci\u00f3n de az\u00facar.<\/p>\n<p>Se vende en cajas de 6 botellas.<\/p>\n","protected":false},"excerpt":{"rendered":"<p>Atrevido vino base de la Maison. El semiseco PRIVIL\u00c8GE invita a atreverse con los acordes m\u00e1s imprevistos El semiseco PRIVIL\u00c8GE se elabora con Pinot Noir (80 %) y Chardonnay (20 %) proce- dentes de manera exclusiva de nuestro pago Premier Cru. Debe su nombre de semiseco a la adici\u00f3n de un licor con mayor concentraci\u00f3n&hellip; <a class=\"more-link\" href=\"https:\/\/www.champagne-billiard.fr\/shop\/es\/produit\/privilege-demi-sec-2\/\">Continue reading <span class=\"screen-reader-text\">Privil\u00e8ge Demi-Sec<\/span><\/a><\/p>\n","protected":false},"featured_media":115,"template":"","meta":[],"product_cat":[33],"product_tag":[],"class_list":["post-131","product","type-product","status-publish","has-post-thumbnail","hentry","product_cat-gamme-classique-es","entry"],"acf":[],"_links":{"self":[{"href":"https:\/\/www.champagne-billiard.fr\/shop\/es\/wp-json\/wp\/v2\/product\/131","targetHints":{"allow":["GET"]}}],"collection":[{"href":"https:\/\/www.champagne-billiard.fr\/shop\/es\/wp-json\/wp\/v2\/product"}],"about":[{"href":"https:\/\/www.champagne-billiard.fr\/shop\/es\/wp-json\/wp\/v2\/types\/product"}],"wp:featuredmedia":[{"embeddable":true,"href":"https:\/\/www.champagne-billiard.fr\/shop\/es\/wp-json\/wp\/v2\/media\/115"}],"wp:attachment":[{"href":"https:\/\/www.champagne-billiard.fr\/shop\/es\/wp-json\/wp\/v2\/media?parent=131"}],"wp:term":[{"taxonomy":"product_cat","embeddable":true,"href":"https:\/\/www.champagne-billiard.fr\/shop\/es\/wp-json\/wp\/v2\/product_cat?post=131"},{"taxonomy":"product_tag","embeddable":true,"href":"https:\/\/www.champagne-billiard.fr\/shop\/es\/wp-json\/wp\/v2\/product_tag?post=131"}],"curies":[{"name":"wp","href":"https:\/\/api.w.org\/{rel}","templated":true}]}}